{"id":7,"date":"2022-04-23T15:59:11","date_gmt":"2022-04-23T13:59:11","guid":{"rendered":"http:\/\/www.xn--dan-2na.dk\/?page_id=7"},"modified":"2023-02-17T08:42:03","modified_gmt":"2023-02-17T07:42:03","slug":"thomas-tvenstrup-danoe","status":"publish","type":"page","link":"https:\/\/www.xn--dan-2na.dk\/","title":{"rendered":"Forside"},"content":{"rendered":"\n<div class=\"wp-block-columns is-layout-flex wp-container-core-columns-is-layout-9d6595d7 wp-block-columns-is-layout-flex\">\n<div class=\"wp-block-column is-layout-flow wp-block-column-is-layout-flow\">\n<figure class=\"wp-block-image size-full\"><img loading=\"lazy\" decoding=\"async\" width=\"534\" height=\"668\" src=\"https:\/\/www.xn--dan-2na.dk\/wp-content\/uploads\/2022\/04\/DM1.jpg\" alt=\"\" class=\"wp-image-9\" srcset=\"https:\/\/www.xn--dan-2na.dk\/wp-content\/uploads\/2022\/04\/DM1.jpg 534w, https:\/\/www.xn--dan-2na.dk\/wp-content\/uploads\/2022\/04\/DM1-240x300.jpg 240w\" sizes=\"auto, (max-width: 534px) 85vw, 534px\" \/><\/figure>\n<\/div>\n\n\n\n<div class=\"wp-block-column is-layout-flow wp-block-column-is-layout-flow\">\n<p>Jeg er en mand fra 1995 med en masse energi.<\/p>\n\n\n\n<p>Jeg er meget interesseret i computere og musik, og har tendens til at kunne bruge lang tid p\u00e5 ting der interesserer mig.<\/p>\n\n\n\n<p>Jeg er nysgerrig i den matematiske og teknologiske videnskab.<\/p>\n\n\n\n<p>Jeg er uddannet bygningskonstrukt\u00f8r fra EASJ N\u00e6stved i januar 2020, hvor jeg har arbejdet meget med Revit og BIM.<\/p>\n\n\n\n<p>I fritiden spiller jeg meget musik, dykker og er frivillig hj\u00e6lper til DFS dykker sommerlejer og Musik over Pr\u00e6st\u00f8 fjord festival.<\/p>\n\n\n\n<p><\/p>\n<\/div>\n<\/div>\n","protected":false},"excerpt":{"rendered":"<p>Jeg er en mand fra 1995 med en masse energi. Jeg er meget interesseret i computere og musik, og har tendens til at kunne bruge lang tid p\u00e5 ting der interesserer mig. Jeg er nysgerrig i den matematiske og teknologiske videnskab. Jeg er uddannet bygningskonstrukt\u00f8r fra EASJ N\u00e6stved i januar 2020, hvor jeg har arbejdet &hellip; <a href=\"https:\/\/www.xn--dan-2na.dk\/\" class=\"more-link\">L\u00e6s videre<span class=\"screen-reader-text\"> &#8220;Forside&#8221;<\/span><\/a><\/p>\n","protected":false},"author":3,"featured_media":0,"parent":0,"menu_order":0,"comment_status":"closed","ping_status":"closed","template":"","meta":{"_lmt_disableupdate":"no","_lmt_disable":"","_monsterinsights_skip_tracking":false,"_monsterinsights_sitenote_active":false,"_monsterinsights_sitenote_note":"","_monsterinsights_sitenote_category":0,"two_page_speed":[],"footnotes":""},"class_list":["post-7","page","type-page","status-publish","hentry"],"_links":{"self":[{"href":"https:\/\/www.xn--dan-2na.dk\/index.php\/wp-json\/wp\/v2\/pages\/7","targetHints":{"allow":["GET"]}}],"collection":[{"href":"https:\/\/www.xn--dan-2na.dk\/index.php\/wp-json\/wp\/v2\/pages"}],"about":[{"href":"https:\/\/www.xn--dan-2na.dk\/index.php\/wp-json\/wp\/v2\/types\/page"}],"author":[{"embeddable":true,"href":"https:\/\/www.xn--dan-2na.dk\/index.php\/wp-json\/wp\/v2\/users\/3"}],"replies":[{"embeddable":true,"href":"https:\/\/www.xn--dan-2na.dk\/index.php\/wp-json\/wp\/v2\/comments?post=7"}],"version-history":[{"count":7,"href":"https:\/\/www.xn--dan-2na.dk\/index.php\/wp-json\/wp\/v2\/pages\/7\/revisions"}],"predecessor-version":[{"id":93,"href":"https:\/\/www.xn--dan-2na.dk\/index.php\/wp-json\/wp\/v2\/pages\/7\/revisions\/93"}],"wp:attachment":[{"href":"https:\/\/www.xn--dan-2na.dk\/index.php\/wp-json\/wp\/v2\/media?parent=7"}],"curies":[{"name":"wp","href":"https:\/\/api.w.org\/{rel}","templated":true}]}}